{"id":1138,"date":"2019-06-27T09:05:20","date_gmt":"2019-06-27T09:05:20","guid":{"rendered":"https:\/\/www.sediver.com\/research-center\/"},"modified":"2026-03-12T10:02:55","modified_gmt":"2026-03-12T10:02:55","slug":"centre-de-recherche","status":"publish","type":"page","link":"https:\/\/www.sediver.com\/fr\/centre-de-recherche\/","title":{"rendered":"Centre de Recherche"},"content":{"rendered":"","protected":false},"excerpt":{"rendered":"","protected":false},"author":1,"featured_media":676,"parent":0,"menu_order":0,"comment_status":"closed","ping_status":"closed","template":"templates\/research-center.php","meta":{"_acf_changed":false,"footnotes":""},"class_list":["post-1138","page","type-page","status-publish","has-post-thumbnail","hentry"],"acf":[],"yoast_head":"<!-- This site is optimized with the Yoast SEO plugin v27.3 - https:\/\/yoast.com\/product\/yoast-seo-wordpress\/ -->\n<title>Centre de recherche et de d\u00e9veloppement avanc\u00e9 Sediver<\/title>\n<meta name=\"description\" content=\"Le centre de recherche Sediver op\u00e8re en tant que chef de file des tests et du d\u00e9veloppement de produits pour la communaut\u00e9 d&#039;ing\u00e9nieurs \u00e0 haute tension pour les services publics mondiaux et l&#039;industrie mondiale du R&amp;D.\" \/>\n<meta name=\"robots\" content=\"index, follow, max-snippet:-1, max-image-preview:large, max-video-preview:-1\" \/>\n<link rel=\"canonical\" href=\"https:\/\/www.sediver.com\/fr\/centre-de-recherche\/\" \/>\n<meta property=\"og:locale\" content=\"fr_FR\" \/>\n<meta property=\"og:type\" content=\"article\" \/>\n<meta property=\"og:title\" content=\"Centre de recherche et de d\u00e9veloppement avanc\u00e9 Sediver\" \/>\n<meta property=\"og:description\" content=\"Le centre de recherche Sediver op\u00e8re en tant que chef de file des tests et du d\u00e9veloppement de produits pour la communaut\u00e9 d&#039;ing\u00e9nieurs \u00e0 haute tension pour les services publics mondiaux et l&#039;industrie mondiale du R&amp;D.\" \/>\n<meta property=\"og:url\" content=\"https:\/\/www.sediver.com\/fr\/centre-de-recherche\/\" \/>\n<meta property=\"og:site_name\" content=\"Sediver\" \/>\n<meta property=\"article:modified_time\" content=\"2026-03-12T10:02:55+00:00\" \/>\n<meta property=\"og:image\" content=\"https:\/\/www.sediver.com\/wp-content\/uploads\/research-center.jpg\" \/>\n\t<meta property=\"og:image:width\" content=\"1256\" \/>\n\t<meta property=\"og:image:height\" content=\"500\" \/>\n\t<meta property=\"og:image:type\" content=\"image\/jpeg\" \/>\n<meta name=\"twitter:card\" content=\"summary_large_image\" \/>\n<meta name=\"twitter:label1\" content=\"Dur\u00e9e de lecture estim\u00e9e\" \/>\n\t<meta name=\"twitter:data1\" content=\"1 minute\" \/>\n<script type=\"application\/ld+json\" class=\"yoast-schema-graph\">{\"@context\":\"https:\\\/\\\/schema.org\",\"@graph\":[{\"@type\":\"WebPage\",\"@id\":\"https:\\\/\\\/www.sediver.com\\\/fr\\\/centre-de-recherche\\\/\",\"url\":\"https:\\\/\\\/www.sediver.com\\\/fr\\\/centre-de-recherche\\\/\",\"name\":\"Centre de recherche et de d\u00e9veloppement avanc\u00e9 Sediver\",\"isPartOf\":{\"@id\":\"https:\\\/\\\/www.sediver.com\\\/fr\\\/#website\"},\"primaryImageOfPage\":{\"@id\":\"https:\\\/\\\/www.sediver.com\\\/fr\\\/centre-de-recherche\\\/#primaryimage\"},\"image\":{\"@id\":\"https:\\\/\\\/www.sediver.com\\\/fr\\\/centre-de-recherche\\\/#primaryimage\"},\"thumbnailUrl\":\"https:\\\/\\\/www.sediver.com\\\/wp-content\\\/uploads\\\/research-center.jpg\",\"datePublished\":\"2019-06-27T09:05:20+00:00\",\"dateModified\":\"2026-03-12T10:02:55+00:00\",\"description\":\"Le centre de recherche Sediver op\u00e8re en tant que chef de file des tests et du d\u00e9veloppement de produits pour la communaut\u00e9 d'ing\u00e9nieurs \u00e0 haute tension pour les services publics mondiaux et l'industrie mondiale du R&D.\",\"breadcrumb\":{\"@id\":\"https:\\\/\\\/www.sediver.com\\\/fr\\\/centre-de-recherche\\\/#breadcrumb\"},\"inLanguage\":\"fr-FR\",\"potentialAction\":[{\"@type\":\"ReadAction\",\"target\":[\"https:\\\/\\\/www.sediver.com\\\/fr\\\/centre-de-recherche\\\/\"]}]},{\"@type\":\"ImageObject\",\"inLanguage\":\"fr-FR\",\"@id\":\"https:\\\/\\\/www.sediver.com\\\/fr\\\/centre-de-recherche\\\/#primaryimage\",\"url\":\"https:\\\/\\\/www.sediver.com\\\/wp-content\\\/uploads\\\/research-center.jpg\",\"contentUrl\":\"https:\\\/\\\/www.sediver.com\\\/wp-content\\\/uploads\\\/research-center.jpg\",\"width\":1256,\"height\":500},{\"@type\":\"BreadcrumbList\",\"@id\":\"https:\\\/\\\/www.sediver.com\\\/fr\\\/centre-de-recherche\\\/#breadcrumb\",\"itemListElement\":[{\"@type\":\"ListItem\",\"position\":1,\"name\":\"Accueil\",\"item\":\"https:\\\/\\\/www.sediver.com\\\/fr\\\/\"},{\"@type\":\"ListItem\",\"position\":2,\"name\":\"Centre de Recherche\"}]},{\"@type\":\"WebSite\",\"@id\":\"https:\\\/\\\/www.sediver.com\\\/fr\\\/#website\",\"url\":\"https:\\\/\\\/www.sediver.com\\\/fr\\\/\",\"name\":\"Sediver\",\"description\":\"\",\"potentialAction\":[{\"@type\":\"SearchAction\",\"target\":{\"@type\":\"EntryPoint\",\"urlTemplate\":\"https:\\\/\\\/www.sediver.com\\\/fr\\\/?s={search_term_string}\"},\"query-input\":{\"@type\":\"PropertyValueSpecification\",\"valueRequired\":true,\"valueName\":\"search_term_string\"}}],\"inLanguage\":\"fr-FR\"}]}<\/script>\n<!-- \/ Yoast SEO plugin. -->","yoast_head_json":{"title":"Centre de recherche et de d\u00e9veloppement avanc\u00e9 Sediver","description":"Le centre de recherche Sediver op\u00e8re en tant que chef de file des tests et du d\u00e9veloppement de produits pour la communaut\u00e9 d'ing\u00e9nieurs \u00e0 haute tension pour les services publics mondiaux et l'industrie mondiale du R&D.","robots":{"index":"index","follow":"follow","max-snippet":"max-snippet:-1","max-image-preview":"max-image-preview:large","max-video-preview":"max-video-preview:-1"},"canonical":"https:\/\/www.sediver.com\/fr\/centre-de-recherche\/","og_locale":"fr_FR","og_type":"article","og_title":"Centre de recherche et de d\u00e9veloppement avanc\u00e9 Sediver","og_description":"Le centre de recherche Sediver op\u00e8re en tant que chef de file des tests et du d\u00e9veloppement de produits pour la communaut\u00e9 d'ing\u00e9nieurs \u00e0 haute tension pour les services publics mondiaux et l'industrie mondiale du R&D.","og_url":"https:\/\/www.sediver.com\/fr\/centre-de-recherche\/","og_site_name":"Sediver","article_modified_time":"2026-03-12T10:02:55+00:00","og_image":[{"width":1256,"height":500,"url":"https:\/\/www.sediver.com\/wp-content\/uploads\/research-center.jpg","type":"image\/jpeg"}],"twitter_card":"summary_large_image","twitter_misc":{"Dur\u00e9e de lecture estim\u00e9e":"1 minute"},"schema":{"@context":"https:\/\/schema.org","@graph":[{"@type":"WebPage","@id":"https:\/\/www.sediver.com\/fr\/centre-de-recherche\/","url":"https:\/\/www.sediver.com\/fr\/centre-de-recherche\/","name":"Centre de recherche et de d\u00e9veloppement avanc\u00e9 Sediver","isPartOf":{"@id":"https:\/\/www.sediver.com\/fr\/#website"},"primaryImageOfPage":{"@id":"https:\/\/www.sediver.com\/fr\/centre-de-recherche\/#primaryimage"},"image":{"@id":"https:\/\/www.sediver.com\/fr\/centre-de-recherche\/#primaryimage"},"thumbnailUrl":"https:\/\/www.sediver.com\/wp-content\/uploads\/research-center.jpg","datePublished":"2019-06-27T09:05:20+00:00","dateModified":"2026-03-12T10:02:55+00:00","description":"Le centre de recherche Sediver op\u00e8re en tant que chef de file des tests et du d\u00e9veloppement de produits pour la communaut\u00e9 d'ing\u00e9nieurs \u00e0 haute tension pour les services publics mondiaux et l'industrie mondiale du R&D.","breadcrumb":{"@id":"https:\/\/www.sediver.com\/fr\/centre-de-recherche\/#breadcrumb"},"inLanguage":"fr-FR","potentialAction":[{"@type":"ReadAction","target":["https:\/\/www.sediver.com\/fr\/centre-de-recherche\/"]}]},{"@type":"ImageObject","inLanguage":"fr-FR","@id":"https:\/\/www.sediver.com\/fr\/centre-de-recherche\/#primaryimage","url":"https:\/\/www.sediver.com\/wp-content\/uploads\/research-center.jpg","contentUrl":"https:\/\/www.sediver.com\/wp-content\/uploads\/research-center.jpg","width":1256,"height":500},{"@type":"BreadcrumbList","@id":"https:\/\/www.sediver.com\/fr\/centre-de-recherche\/#breadcrumb","itemListElement":[{"@type":"ListItem","position":1,"name":"Accueil","item":"https:\/\/www.sediver.com\/fr\/"},{"@type":"ListItem","position":2,"name":"Centre de Recherche"}]},{"@type":"WebSite","@id":"https:\/\/www.sediver.com\/fr\/#website","url":"https:\/\/www.sediver.com\/fr\/","name":"Sediver","description":"","potentialAction":[{"@type":"SearchAction","target":{"@type":"EntryPoint","urlTemplate":"https:\/\/www.sediver.com\/fr\/?s={search_term_string}"},"query-input":{"@type":"PropertyValueSpecification","valueRequired":true,"valueName":"search_term_string"}}],"inLanguage":"fr-FR"}]}},"_links":{"self":[{"href":"https:\/\/www.sediver.com\/fr\/wp-json\/wp\/v2\/pages\/1138","targetHints":{"allow":["GET"]}}],"collection":[{"href":"https:\/\/www.sediver.com\/fr\/wp-json\/wp\/v2\/pages"}],"about":[{"href":"https:\/\/www.sediver.com\/fr\/wp-json\/wp\/v2\/types\/page"}],"author":[{"embeddable":true,"href":"https:\/\/www.sediver.com\/fr\/wp-json\/wp\/v2\/users\/1"}],"replies":[{"embeddable":true,"href":"https:\/\/www.sediver.com\/fr\/wp-json\/wp\/v2\/comments?post=1138"}],"version-history":[{"count":4,"href":"https:\/\/www.sediver.com\/fr\/wp-json\/wp\/v2\/pages\/1138\/revisions"}],"predecessor-version":[{"id":14230,"href":"https:\/\/www.sediver.com\/fr\/wp-json\/wp\/v2\/pages\/1138\/revisions\/14230"}],"wp:featuredmedia":[{"embeddable":true,"href":"https:\/\/www.sediver.com\/fr\/wp-json\/wp\/v2\/media\/676"}],"wp:attachment":[{"href":"https:\/\/www.sediver.com\/fr\/wp-json\/wp\/v2\/media?parent=1138"}],"curies":[{"name":"wp","href":"https:\/\/api.w.org\/{rel}","templated":true}]}}