{"id":1468,"date":"2019-06-29T20:21:15","date_gmt":"2019-06-29T20:21:15","guid":{"rendered":"https:\/\/www.sediver.com\/integrity-line\/"},"modified":"2024-04-04T12:36:17","modified_gmt":"2024-04-04T12:36:17","slug":"ligne-dintegrite","status":"publish","type":"page","link":"https:\/\/www.sediver.com\/fr\/ligne-dintegrite\/","title":{"rendered":"Ligne d\u2019int\u00e9grit\u00e9"},"content":{"rendered":"\n<p>Seves Group S.\u00e0 r.l. (Le \u00ab&nbsp;Groupe Seves&nbsp;\u00bb) a cr\u00e9\u00e9 une \u00ab&nbsp;Ligne d\u2019int\u00e9grit\u00e9&nbsp;\u00bb (\u00e9galement appel\u00e9e \u00ab&nbsp;ligne de d\u00e9nonciation&nbsp;\u00bb) qui permet de signaler les probl\u00e8mes de non-conformit\u00e9. La ligne d\u2019int\u00e9grit\u00e9 de Seves est un syst\u00e8me Web qui offre un niveau \u00e9lev\u00e9 de s\u00e9curit\u00e9 des donn\u00e9es. Elle est accessible via le site Web de Seves, dans la nouvelle section \u00ab&nbsp;Conformit\u00e9&nbsp;\u00bb, et est ouverte 24 heures\/24 et 7j\/7. Cette ligne concerne toutes les entit\u00e9s du Groupe Seves. <\/p>\n\n\n\n<p>Dans le contexte de la ligne d&rsquo;int\u00e9grit\u00e9, Seves Group S.\u00e0 r.l., qui agit comme un contr\u00f4leur de donn\u00e9es, traite les donn\u00e9es personnelles de ses employ\u00e9s et des tiers qui signalent toute erreur de conduite, et plus particuli\u00e8rement leur nom, leur pr\u00e9nom, leur adresse, leur adresse e-mail, leur poste, les services propos\u00e9s, l\u2019\u00e9valuation professionnelle, les informations concernant un rapport li\u00e9 \u00e0 une violation potentielle (les \u00ab&nbsp;Donn\u00e9es personnelles&nbsp;\u00bb), \u00e0 des fins de pr\u00e9vention des fraudes et des erreurs de conduite dans le cadre des contr\u00f4les comptables internes, des questions d\u2019audit et de la lutte contre la corruption et la subornation, les d\u00e9lits bancaires et financiers, les conflits d\u2019int\u00e9r\u00eats, la violation des lois et r\u00e9glementations sur l\u2019environnement, la violation des r\u00e9glementations aff\u00e9rentes \u00e0 la sant\u00e9 et \u00e0 la s\u00e9curit\u00e9, la discrimination et le harc\u00e8lement des employ\u00e9s, et les pratiques anti-concurrentielles (le \u00ab&nbsp;Traitement des donn\u00e9es&nbsp;\u00bb). <\/p>\n\n\n\n<p>Le contact de la personne qui signale un probl\u00e8me de conformit\u00e9 est un cabinet d\u2019avocats externe. Ainsi, l\u2019ensemble des rapports et des communications entre la personne qui \u00e9met un signalement et le cabinet d\u2019avocats sont prot\u00e9g\u00e9s par l\u2019obligation de secret professionnel d\u2019un avocat. Si cela est exig\u00e9 par la personne qui effectue un signalement, les rapports peuvent \u00eatre rendus anonymes (\u00e0 moins que cela ne soit pas autoris\u00e9 par les lois locales), ou les faits signal\u00e9s seront transmis sans divulguer l\u2019identit\u00e9 de la personne en question. <\/p>\n\n\n\n<p> Les rapports et les donn\u00e9es personnelles qui y sont li\u00e9es peuvent ensuite, le cas \u00e9ch\u00e9ant, \u00eatre communiqu\u00e9s par voie \u00e9crite ou orale au responsable de la Conformit\u00e9 du Groupe Seves, afin d\u2019\u00eatre examin\u00e9s. La ligne d\u2019int\u00e9grit\u00e9 de Seves est un syst\u00e8me multilingue. Cela signifie que les rapports peuvent \u00eatre cr\u00e9\u00e9s dans n\u2019importe laquelle des langues utilis\u00e9es chez Seves. <\/p>\n\n\n\n<p> Les employ\u00e9s et les \u00e9ventuels tiers concern\u00e9s par le traitement des donn\u00e9es d\u00e9crit ci-dessus disposent d\u2019un droit d\u2019information relatif au traitement des donn\u00e9es, et peuvent demander la correction, la modification ou la suppression de vos donn\u00e9es personnelles. Ces droits peuvent \u00eatre exerc\u00e9s en envoyant une demande \u00e9crite \u00e0\u00a0: rgpd@sediver.com<\/p>\n\n\n\n<p class=\"margin-zero\"><strong>Cliquez sur les liens pour acc\u00e9der directement au syst\u00e8me Sediver BKMS\u00ae dans la langue de votre choix&nbsp;: <\/strong><\/p>\n\n\n<div class=\"lazyblock-docs-by-lang-2f6RQa wp-block-lazyblock-docs-by-lang\"><div class=\"downloads\">\r\n <div class=\"m-download m-download--lang\">\r\n    <div class=\"m-download__title\">\r\n        <img decoding=\"async\" class=\"m-download__flag\" src=\"https:\/\/www.sediver.com\/wp-content\/uploads\/flag-uk.svg\" alt=\"download document\"\/>\r\n     Anglais\r\n    <\/div>\r\n    <a target=\"_blank\" href=\"https:\/\/www.bkms-system.net\/bkwebanon\/report\/clientInfo?cin=19sev22&amp;language=eng\" class=\"m-download__button\">\r\n       <span class=\"icon-download m-download__button__icon\"><\/span>\r\n       <span class=\"m-download__button__text\">Cliquer ici<\/span>\r\n    <\/a>\r\n <\/div>\r\n <div class=\"m-download m-download--lang\">\r\n    <div class=\"m-download__title\">\r\n        <img decoding=\"async\" class=\"m-download__flag\" src=\"https:\/\/www.sediver.com\/wp-content\/uploads\/flag-zh.svg\" alt=\"download document\"\/>\r\n     Chinois\r\n    <\/div>\r\n    <a target=\"_blank\" href=\"https:\/\/www.bkms-system.net\/bkwebanon\/report\/clientInfo?cin=19sev22&amp;language=chit]\" class=\"m-download__button\">\r\n       <span class=\"icon-download m-download__button__icon\"><\/span>\r\n       <span class=\"m-download__button__text\">Cliquer ici<\/span>\r\n    <\/a>\r\n <\/div>\r\n <div class=\"m-download m-download--lang\">\r\n    <div class=\"m-download__title\">\r\n        <img decoding=\"async\" class=\"m-download__flag\" src=\"https:\/\/www.sediver.com\/wp-content\/uploads\/flag-fr.svg\" alt=\"download document\"\/>\r\n     Fran\u00e7ais\r\n    <\/div>\r\n    <a target=\"_blank\" href=\"https:\/\/www.bkms-system.net\/bkwebanon\/report\/clientInfo?cin=19sev22&amp;language=fre\" class=\"m-download__button\">\r\n       <span class=\"icon-download m-download__button__icon\"><\/span>\r\n       <span class=\"m-download__button__text\">Cliquer ici<\/span>\r\n    <\/a>\r\n <\/div>\r\n <div class=\"m-download m-download--lang\">\r\n    <div class=\"m-download__title\">\r\n        <img decoding=\"async\" class=\"m-download__flag\" src=\"https:\/\/www.sediver.com\/wp-content\/uploads\/flag-it.svg\" alt=\"download document\"\/>\r\n     Italie\r\n    <\/div>\r\n    <a target=\"_blank\" href=\"https:\/\/www.bkms-system.net\/bkwebanon\/report\/clientInfo?cin=19sev22&amp;language=ita\" class=\"m-download__button\">\r\n       <span class=\"icon-download m-download__button__icon\"><\/span>\r\n       <span class=\"m-download__button__text\">Cliquer ici<\/span>\r\n    <\/a>\r\n <\/div>\r\n <div class=\"m-download m-download--lang\">\r\n    <div class=\"m-download__title\">\r\n        <img decoding=\"async\" class=\"m-download__flag\" src=\"https:\/\/www.sediver.com\/wp-content\/uploads\/flag-pt.svg\" alt=\"download document\"\/>\r\n     Portugais (BR)\r\n    <\/div>\r\n    <a target=\"_blank\" href=\"https:\/\/www.bkms-system.net\/bkwebanon\/report\/clientInfo?cin=19sev22&amp;language=por_BR\" class=\"m-download__button\">\r\n       <span class=\"icon-download m-download__button__icon\"><\/span>\r\n       <span class=\"m-download__button__text\">Cliquer ici<\/span>\r\n    <\/a>\r\n <\/div>\r\n<\/div><\/div>","protected":false},"excerpt":{"rendered":"<p>Seves Group S.\u00e0 r.l. (Le \u00ab&nbsp;Groupe Seves&nbsp;\u00bb) a cr\u00e9\u00e9 une \u00ab&nbsp;Ligne d\u2019int\u00e9grit\u00e9&nbsp;\u00bb (\u00e9galement appel\u00e9e \u00ab&nbsp;ligne de d\u00e9nonciation&nbsp;\u00bb) qui permet de signaler les probl\u00e8mes de non-conformit\u00e9. La ligne d\u2019int\u00e9grit\u00e9 de Seves est un syst\u00e8me Web qui offre un niveau \u00e9lev\u00e9 de s\u00e9curit\u00e9 des donn\u00e9es. Elle est accessible via le site Web de Seves, dans la nouvelle [&hellip;]<\/p>\n","protected":false},"author":1,"featured_media":0,"parent":0,"menu_order":0,"comment_status":"closed","ping_status":"closed","template":"templates\/single.php","meta":{"_acf_changed":false,"footnotes":""},"class_list":["post-1468","page","type-page","status-publish","hentry"],"acf":[],"yoast_head":"<!-- This site is optimized with the Yoast SEO plugin v27.4 - https:\/\/yoast.com\/product\/yoast-seo-wordpress\/ -->\n<title>Ligne d\u2019int\u00e9grit\u00e9 - Sediver<\/title>\n<meta name=\"description\" content=\"Sediver a cr\u00e9\u00e9 une \u00abligne d&#039;int\u00e9grit\u00e9\u00bb (\u00e9galement appel\u00e9e \u00abligne de d\u00e9nonciation\u00bb) o\u00f9 les probl\u00e8mes de non-conformit\u00e9 peuvent \u00eatre signal\u00e9s.\" \/>\n<meta name=\"robots\" content=\"index, follow, max-snippet:-1, max-image-preview:large, max-video-preview:-1\" \/>\n<link rel=\"canonical\" href=\"https:\/\/www.sediver.com\/fr\/ligne-dintegrite\/\" \/>\n<meta property=\"og:locale\" content=\"fr_FR\" \/>\n<meta property=\"og:type\" content=\"article\" \/>\n<meta property=\"og:title\" content=\"Ligne d\u2019int\u00e9grit\u00e9 - Sediver\" \/>\n<meta property=\"og:description\" content=\"Sediver a cr\u00e9\u00e9 une \u00abligne d&#039;int\u00e9grit\u00e9\u00bb (\u00e9galement appel\u00e9e \u00abligne de d\u00e9nonciation\u00bb) o\u00f9 les probl\u00e8mes de non-conformit\u00e9 peuvent \u00eatre signal\u00e9s.\" \/>\n<meta property=\"og:url\" content=\"https:\/\/www.sediver.com\/fr\/ligne-dintegrite\/\" \/>\n<meta property=\"og:site_name\" content=\"Sediver\" \/>\n<meta property=\"article:modified_time\" content=\"2024-04-04T12:36:17+00:00\" \/>\n<meta name=\"twitter:card\" content=\"summary_large_image\" \/>\n<meta name=\"twitter:label1\" content=\"Dur\u00e9e de lecture estim\u00e9e\" \/>\n\t<meta name=\"twitter:data1\" content=\"3 minutes\" \/>\n<script type=\"application\/ld+json\" class=\"yoast-schema-graph\">{\"@context\":\"https:\\\/\\\/schema.org\",\"@graph\":[{\"@type\":\"WebPage\",\"@id\":\"https:\\\/\\\/www.sediver.com\\\/fr\\\/ligne-dintegrite\\\/\",\"url\":\"https:\\\/\\\/www.sediver.com\\\/fr\\\/ligne-dintegrite\\\/\",\"name\":\"Ligne d\u2019int\u00e9grit\u00e9 - Sediver\",\"isPartOf\":{\"@id\":\"https:\\\/\\\/www.sediver.com\\\/fr\\\/#website\"},\"datePublished\":\"2019-06-29T20:21:15+00:00\",\"dateModified\":\"2024-04-04T12:36:17+00:00\",\"description\":\"Sediver a cr\u00e9\u00e9 une \u00abligne d'int\u00e9grit\u00e9\u00bb (\u00e9galement appel\u00e9e \u00abligne de d\u00e9nonciation\u00bb) o\u00f9 les probl\u00e8mes de non-conformit\u00e9 peuvent \u00eatre signal\u00e9s.\",\"breadcrumb\":{\"@id\":\"https:\\\/\\\/www.sediver.com\\\/fr\\\/ligne-dintegrite\\\/#breadcrumb\"},\"inLanguage\":\"fr-FR\",\"potentialAction\":[{\"@type\":\"ReadAction\",\"target\":[\"https:\\\/\\\/www.sediver.com\\\/fr\\\/ligne-dintegrite\\\/\"]}]},{\"@type\":\"BreadcrumbList\",\"@id\":\"https:\\\/\\\/www.sediver.com\\\/fr\\\/ligne-dintegrite\\\/#breadcrumb\",\"itemListElement\":[{\"@type\":\"ListItem\",\"position\":1,\"name\":\"Accueil\",\"item\":\"https:\\\/\\\/www.sediver.com\\\/fr\\\/\"},{\"@type\":\"ListItem\",\"position\":2,\"name\":\"Ligne d\u2019int\u00e9grit\u00e9\"}]},{\"@type\":\"WebSite\",\"@id\":\"https:\\\/\\\/www.sediver.com\\\/fr\\\/#website\",\"url\":\"https:\\\/\\\/www.sediver.com\\\/fr\\\/\",\"name\":\"Sediver\",\"description\":\"\",\"potentialAction\":[{\"@type\":\"SearchAction\",\"target\":{\"@type\":\"EntryPoint\",\"urlTemplate\":\"https:\\\/\\\/www.sediver.com\\\/fr\\\/?s={search_term_string}\"},\"query-input\":{\"@type\":\"PropertyValueSpecification\",\"valueRequired\":true,\"valueName\":\"search_term_string\"}}],\"inLanguage\":\"fr-FR\"}]}<\/script>\n<!-- \/ Yoast SEO plugin. -->","yoast_head_json":{"title":"Ligne d\u2019int\u00e9grit\u00e9 - Sediver","description":"Sediver a cr\u00e9\u00e9 une \u00abligne d'int\u00e9grit\u00e9\u00bb (\u00e9galement appel\u00e9e \u00abligne de d\u00e9nonciation\u00bb) o\u00f9 les probl\u00e8mes de non-conformit\u00e9 peuvent \u00eatre signal\u00e9s.","robots":{"index":"index","follow":"follow","max-snippet":"max-snippet:-1","max-image-preview":"max-image-preview:large","max-video-preview":"max-video-preview:-1"},"canonical":"https:\/\/www.sediver.com\/fr\/ligne-dintegrite\/","og_locale":"fr_FR","og_type":"article","og_title":"Ligne d\u2019int\u00e9grit\u00e9 - Sediver","og_description":"Sediver a cr\u00e9\u00e9 une \u00abligne d'int\u00e9grit\u00e9\u00bb (\u00e9galement appel\u00e9e \u00abligne de d\u00e9nonciation\u00bb) o\u00f9 les probl\u00e8mes de non-conformit\u00e9 peuvent \u00eatre signal\u00e9s.","og_url":"https:\/\/www.sediver.com\/fr\/ligne-dintegrite\/","og_site_name":"Sediver","article_modified_time":"2024-04-04T12:36:17+00:00","twitter_card":"summary_large_image","twitter_misc":{"Dur\u00e9e de lecture estim\u00e9e":"3 minutes"},"schema":{"@context":"https:\/\/schema.org","@graph":[{"@type":"WebPage","@id":"https:\/\/www.sediver.com\/fr\/ligne-dintegrite\/","url":"https:\/\/www.sediver.com\/fr\/ligne-dintegrite\/","name":"Ligne d\u2019int\u00e9grit\u00e9 - Sediver","isPartOf":{"@id":"https:\/\/www.sediver.com\/fr\/#website"},"datePublished":"2019-06-29T20:21:15+00:00","dateModified":"2024-04-04T12:36:17+00:00","description":"Sediver a cr\u00e9\u00e9 une \u00abligne d'int\u00e9grit\u00e9\u00bb (\u00e9galement appel\u00e9e \u00abligne de d\u00e9nonciation\u00bb) o\u00f9 les probl\u00e8mes de non-conformit\u00e9 peuvent \u00eatre signal\u00e9s.","breadcrumb":{"@id":"https:\/\/www.sediver.com\/fr\/ligne-dintegrite\/#breadcrumb"},"inLanguage":"fr-FR","potentialAction":[{"@type":"ReadAction","target":["https:\/\/www.sediver.com\/fr\/ligne-dintegrite\/"]}]},{"@type":"BreadcrumbList","@id":"https:\/\/www.sediver.com\/fr\/ligne-dintegrite\/#breadcrumb","itemListElement":[{"@type":"ListItem","position":1,"name":"Accueil","item":"https:\/\/www.sediver.com\/fr\/"},{"@type":"ListItem","position":2,"name":"Ligne d\u2019int\u00e9grit\u00e9"}]},{"@type":"WebSite","@id":"https:\/\/www.sediver.com\/fr\/#website","url":"https:\/\/www.sediver.com\/fr\/","name":"Sediver","description":"","potentialAction":[{"@type":"SearchAction","target":{"@type":"EntryPoint","urlTemplate":"https:\/\/www.sediver.com\/fr\/?s={search_term_string}"},"query-input":{"@type":"PropertyValueSpecification","valueRequired":true,"valueName":"search_term_string"}}],"inLanguage":"fr-FR"}]}},"_links":{"self":[{"href":"https:\/\/www.sediver.com\/fr\/wp-json\/wp\/v2\/pages\/1468","targetHints":{"allow":["GET"]}}],"collection":[{"href":"https:\/\/www.sediver.com\/fr\/wp-json\/wp\/v2\/pages"}],"about":[{"href":"https:\/\/www.sediver.com\/fr\/wp-json\/wp\/v2\/types\/page"}],"author":[{"embeddable":true,"href":"https:\/\/www.sediver.com\/fr\/wp-json\/wp\/v2\/users\/1"}],"replies":[{"embeddable":true,"href":"https:\/\/www.sediver.com\/fr\/wp-json\/wp\/v2\/comments?post=1468"}],"version-history":[{"count":3,"href":"https:\/\/www.sediver.com\/fr\/wp-json\/wp\/v2\/pages\/1468\/revisions"}],"predecessor-version":[{"id":12014,"href":"https:\/\/www.sediver.com\/fr\/wp-json\/wp\/v2\/pages\/1468\/revisions\/12014"}],"wp:attachment":[{"href":"https:\/\/www.sediver.com\/fr\/wp-json\/wp\/v2\/media?parent=1468"}],"curies":[{"name":"wp","href":"https:\/\/api.w.org\/{rel}","templated":true}]}}