{"id":1473,"date":"2019-06-28T14:13:49","date_gmt":"2019-06-28T14:13:49","guid":{"rendered":"https:\/\/www.sediver.com\/terms-of-use\/"},"modified":"2025-11-19T15:03:02","modified_gmt":"2025-11-19T15:03:02","slug":"mentions-legales-conditions-dutilisation","status":"publish","type":"page","link":"https:\/\/www.sediver.com\/fr\/mentions-legales-conditions-dutilisation\/","title":{"rendered":"Mentions l\u00e9gales &#038; Conditions d\u2019utilisation"},"content":{"rendered":"\n<h2 class=\"wp-block-heading\"><strong>Mentions l\u00e9gales<\/strong><\/h2>\n\n\n\n<p>Conform\u00e9ment \u00e0 l&rsquo;article 6 de la loi n \u00b0 2004-575 du 21 juin 2004 pour la confiance dans l&rsquo;\u00e9conomie num\u00e9rique, les identit\u00e9s des diff\u00e9rentes entit\u00e9s impliqu\u00e9es dans la r\u00e9alisation et la maintenance de notre site sont:<\/p>\n\n\n\n<ul class=\"wp-block-list\">\n<li>D\u00e9nomination sociale\/raison sociale : SEDIVER<\/li>\n\n\n\n<li>Adresse : Tour Eg\u00e9e 9\/11 all\u00e9e de l\u2019Arche 92400 Courbevoie &#8211; France<\/li>\n\n\n\n<li>Adresse e-mail de contact : info@sediver.com<\/li>\n\n\n\n<li>Num\u00e9ro d\u2019inscription au RCS : RCS Nanterre 542 035 761<\/li>\n\n\n\n<li>Capital social\u00a0: 29\u00a0472\u00a0419,69 \u20ac<\/li>\n\n\n\n<li>Num\u00e9ro de TVA : FR 71 542 035 761<\/li>\n\n\n\n<li>Responsable de publication du site : Carine LOUIS<\/li>\n\n\n\n<li>Information h\u00e9bergeur: Bluefactor srl, Via Bonaini 18, Firenze ITALIE &#8211; Tel: 055 472186 Fax: 0553200718 &#8211; PIVA: 05646880483<\/li>\n<\/ul>\n\n\n\n<h2 class=\"wp-block-heading\"><strong>Conditions d\u2019utilisation<\/strong><\/h2>\n\n\n\n<p>L\u2019acc\u00e8s \u00e0 ce site et son utilisation sont soumis aux conditions suivantes, et \u00e0 l\u2019ensemble des lois en vigueur. En acc\u00e9dant au site ou en l\u2019utilisant, l\u2019utilisateur accepte d\u2019\u00eatre contraint par les pr\u00e9sentes conditions, et s\u2019engage \u00e0 respecter l\u2019ensemble des lois en vigueur dans le pays depuis lequel il y acc\u00e8de.<\/p>\n\n\n\n<h2 class=\"wp-block-heading\"><strong>Informations d\u2019ordre g\u00e9n\u00e9ral<\/strong><\/h2>\n\n\n\n<p>Ce site a \u00e9t\u00e9 con\u00e7u uniquement dans le but de fournir des informations sur Sky HoldCo SpA (si\u00e8ge social sis au Piazza Diaz Armando 1, 20123 Milano &#8211; Italy) et ses filiales.<\/p>\n\n\n\n<p>Les informations contenues sur ce site ne constituent en aucun cas une offre publique ou une proposition de contrat, et ne sont pas destin\u00e9es \u00e0 engendrer une quelconque forme de relation commerciale ou juridique entre l\u2019utilisateur et Sky HoldCo SpA ou une quelconque autre soci\u00e9t\u00e9 du Groupe. Les informations contenues sur ce site rel\u00e8vent de la responsabilit\u00e9 de SKY HOLDCO SPA Group S.\u00e0 r.l<\/p>\n\n\n\n<h2 class=\"wp-block-heading\"><strong>Droits de propri\u00e9t\u00e9 intellectuelle<\/strong><\/h2>\n\n\n\n<p>Tous les droits de propri\u00e9t\u00e9 intellectuelle aff\u00e9rents au contenu de ce site constituent la propri\u00e9t\u00e9 de leurs d\u00e9tenteurs respectifs.<br>L\u2019utilisation du site n\u2019accorde aucune forme de droit ou d\u2019autorit\u00e9 \u00e0 cet \u00e9gard.<\/p>\n\n\n\n<h2 class=\"wp-block-heading\"><strong>Droits d\u2019auteur<\/strong><\/h2>\n\n\n\n<p>Sauf mention contraire, tous les droits d\u2019auteur applicables au contenu publi\u00e9 sur ce site appartiennent \u00e0 Sky HoldCo SpA. L\u2019utilisateur peut consulter, t\u00e9l\u00e9charger ou imprimer le contenu (texte, images, informations, etc.) uniquement \u00e0 des fins personnelles, et non \u00e0 des fins commerciales.<\/p>\n\n\n\n<p>L\u2019utilisateur ne pourra en aucun cas, sans l\u2019autorisation \u00e9crite pr\u00e9alable de Sky HoldCo SpA, publier, copier (sous forme directe ou indirecte, provisoire ou permanente), reproduire, transmettre, divulguer, traduire, modifier, t\u00e9l\u00e9charger, remettre en forme, adapter ou distribuer ledit contenu.<\/p>\n\n\n\n<p>Sky HoldCo SpA se r\u00e9serve le droit de poursuivre toute personne qui commettra un quelconque des actes susmentionn\u00e9s, ou qui violera un quelconque des droits pr\u00e9vus par une quelconque loi en vigueur.<\/p>\n\n\n\n<h2 class=\"wp-block-heading\"><strong>Droits exclusifs<\/strong><\/h2>\n\n\n\n<p>Les droits exclusifs, y compris les marques d\u00e9pos\u00e9es, les logos et les informations confidentielles, sont prot\u00e9g\u00e9s par les lois des pays dans lesquels lesdits droits ont \u00e9t\u00e9 obtenus, acquis, enregistr\u00e9s ou utilis\u00e9s. Le d\u00e9tenteur des droits accord\u00e9s par les lois susmentionn\u00e9es est Sky HoldCo SpA, ou d\u2019autres tiers.<\/p>\n\n\n\n<p>Sky HoldCo SpA se r\u00e9serve le droit de poursuivre toute personne qui utilisera lesdits droits sans l\u2019autorisation de leur d\u00e9tenteur, en violation d\u2019une quelconque loi en vigueur.<\/p>\n\n\n\n<h2 class=\"wp-block-heading\"><strong>Donn\u00e9es personnelles<\/strong><\/h2>\n\n\n\n<p>SKY HOLDCO SPA respecte la r\u00e9glementation europ\u00e9enne n\u00b02016\/679, connue sous le nom de R\u00e8glement g\u00e9n\u00e9ral sur la protection des donn\u00e9es (\u00ab&nbsp;RGPD&nbsp;\u00bb) en vigueur depuis le 25 mai 2018.<\/p>\n\n\n\n<p>L\u2019utilisateur peut exercer ces droits en envoyant un e-mail au Responsable de la Protection des donn\u00e9es de SKY HOLDCO SPA, aux adresses indiqu\u00e9es ci-dessous&nbsp;:<\/p>\n\n\n\n<p>E-mail: <a href=\"mailto:dataprivacy@sediver.com\">dataprivacy@sediver.com<\/a><br>L\u2019utilisateur peut d\u00e9poser des r\u00e9clamations au sujet du respect de la vie priv\u00e9e directement aupr\u00e8s de son autorit\u00e9 de contr\u00f4le du respect de la vie priv\u00e9e.<\/p>\n\n\n\n<p>Pour plus de d\u00e9tails voir notre <a href=\"https:\/\/www.sediver.com\/fr\/politique-confidentialite\/\">politique de confidentialit\u00e9<\/a>.<\/p>\n\n\n\n<h2 class=\"wp-block-heading\"><strong>Limitation de responsabilit\u00e9<\/strong><\/h2>\n\n\n\n<p>Compte tenu de la nature purement informative et non officielle du contenu de ce site, Sky HoldCo SpA ne peut garantir que les informations publi\u00e9es sur ce site sont valides ou \u00e0 jour, et d\u00e9cline toute responsabilit\u00e9 en cas d\u2019inexactitudes ou d\u2019omissions. Tout utilisateur qui souhaiterait v\u00e9rifier la validit\u00e9 des informations ou les utiliser \u00e0 des fins autres qu\u2019un usage personnel devra demander une autorisation \u00e0 Sky HoldCo SpA, Piazza Diaz Armando 1, 20123 Milano &#8211; Italy, en pr\u00e9cisant le motif de sa demande. Sky HoldCo SpA pourra refuser d\u2019accorder ladite autorisation, et sa d\u00e9cision sera d\u00e9finitive. L\u2019absence de r\u00e9ponse de la part de Sky HoldCo SpA \u00e9quivaut \u00e0 un refus.<\/p>\n\n\n\n<p>L\u2019utilisation du site s\u2019effectue sous l\u2019enti\u00e8re responsabilit\u00e9 de l\u2019utilisateur. Sky HoldCo SpA d\u00e9cline toute responsabilit\u00e9 en cas de pertes ou de dommages subis par l\u2019utilisateur \u00e0 la suite d\u2019un acc\u00e8s au site, de l\u2018utilisation du site, ou de l\u2019utilisation ou du t\u00e9l\u00e9chargement de son contenu (texte, images, logiciel de quelque nature que ce soit, etc.).<\/p>\n\n\n\n<h2 class=\"wp-block-heading\"><strong>Liens<\/strong><\/h2>\n\n\n\n<p>Sky HoldCo SpA d\u00e9cline toute responsabilit\u00e9 quant au contenu des autres sites qui renvoient vers le pr\u00e9sent site. L\u2019utilisation de sites accessibles via des liens depuis le site de Sky HoldCo SpA s\u2019effectue sous l\u2019enti\u00e8re responsabilit\u00e9 de l\u2019utilisateur.<\/p>\n\n\n\n<h2 class=\"wp-block-heading\"><strong>Informations fournies par l\u2019utilisateur<\/strong><\/h2>\n\n\n\n<p>L\u2019utilisateur ne pourra en aucun cas envoyer de messages, d\u2019informations et de contenus couverts par des droits de propri\u00e9t\u00e9 intellectuelle ou d\u2019autres droits vers le site de Sky HoldCo SpA par courrier \u00e9lectronique ou toute autre forme de communication. Tout message, information ou contenu de ce type pourra \u00eatre librement utilis\u00e9 par Sky HoldCo SpA pour quelque raison que ce soit.<\/p>\n\n\n\n<h2 class=\"wp-block-heading\"><strong>Modifications<\/strong><\/h2>\n\n\n\n<p>Sky HoldCo SpA se r\u00e9serve le droit de modifier les pr\u00e9sentes conditions \u00e0 tout moment. L\u2019utilisateur est contraint par les conditions publi\u00e9es au moment o\u00f9 il acc\u00e8de au site, et doit donc lire lesdites conditions avant de continuer.<\/p>\n\n\n\n<h2 class=\"wp-block-heading\"><strong>Litiges et lois en vigueur<\/strong><\/h2>\n\n\n\n<p>En acc\u00e9dant au site ou en l\u2019utilisant, l\u2019utilisateur accepte que tout litige entre l\u2019utilisateur et Sky HoldCo SpA sera soumis \u00e0 la juridiction de l\u2019Italie et sera confi\u00e9 \u00e0 un tribunal comp\u00e9tent en Italie, qui sera r\u00e9gi par les lois italiennes, et que Sky HoldCo SpA pourra choisir de soumettre le litige \u00e0 n\u2019importe quelle autre cour de justice, s\u2019il le souhaite.<\/p>\n","protected":false},"excerpt":{"rendered":"<p>Mentions l\u00e9gales Conform\u00e9ment \u00e0 l&rsquo;article 6 de la loi n \u00b0 2004-575 du 21 juin 2004 pour la confiance dans l&rsquo;\u00e9conomie num\u00e9rique, les identit\u00e9s des diff\u00e9rentes entit\u00e9s impliqu\u00e9es dans la r\u00e9alisation et la maintenance de notre site sont: Conditions d\u2019utilisation L\u2019acc\u00e8s \u00e0 ce site et son utilisation sont soumis aux conditions suivantes, et \u00e0 l\u2019ensemble [&hellip;]<\/p>\n","protected":false},"author":1,"featured_media":0,"parent":0,"menu_order":0,"comment_status":"closed","ping_status":"closed","template":"templates\/single.php","meta":{"_acf_changed":false,"footnotes":""},"class_list":["post-1473","page","type-page","status-publish","hentry"],"acf":[],"yoast_head":"<!-- This site is optimized with the Yoast SEO plugin v27.4 - https:\/\/yoast.com\/product\/yoast-seo-wordpress\/ -->\n<title>Mentions l\u00e9gales &amp; Conditions d\u2019utilisation - Sediver<\/title>\n<meta name=\"robots\" content=\"index, follow, max-snippet:-1, max-image-preview:large, max-video-preview:-1\" \/>\n<link rel=\"canonical\" href=\"https:\/\/www.sediver.com\/fr\/mentions-legales-conditions-dutilisation\/\" \/>\n<meta property=\"og:locale\" content=\"fr_FR\" \/>\n<meta property=\"og:type\" content=\"article\" \/>\n<meta property=\"og:title\" content=\"Mentions l\u00e9gales &amp; Conditions d\u2019utilisation - Sediver\" \/>\n<meta property=\"og:description\" content=\"Mentions l\u00e9gales Conform\u00e9ment \u00e0 l&rsquo;article 6 de la loi n \u00b0 2004-575 du 21 juin 2004 pour la confiance dans l&rsquo;\u00e9conomie num\u00e9rique, les identit\u00e9s des diff\u00e9rentes entit\u00e9s impliqu\u00e9es dans la r\u00e9alisation et la maintenance de notre site sont: Conditions d\u2019utilisation L\u2019acc\u00e8s \u00e0 ce site et son utilisation sont soumis aux conditions suivantes, et \u00e0 l\u2019ensemble [&hellip;]\" \/>\n<meta property=\"og:url\" content=\"https:\/\/www.sediver.com\/fr\/mentions-legales-conditions-dutilisation\/\" \/>\n<meta property=\"og:site_name\" content=\"Sediver\" \/>\n<meta property=\"article:modified_time\" content=\"2025-11-19T15:03:02+00:00\" \/>\n<meta name=\"twitter:card\" content=\"summary_large_image\" \/>\n<meta name=\"twitter:label1\" content=\"Dur\u00e9e de lecture estim\u00e9e\" \/>\n\t<meta name=\"twitter:data1\" content=\"5 minutes\" \/>\n<script type=\"application\/ld+json\" class=\"yoast-schema-graph\">{\"@context\":\"https:\\\/\\\/schema.org\",\"@graph\":[{\"@type\":\"WebPage\",\"@id\":\"https:\\\/\\\/www.sediver.com\\\/fr\\\/mentions-legales-conditions-dutilisation\\\/\",\"url\":\"https:\\\/\\\/www.sediver.com\\\/fr\\\/mentions-legales-conditions-dutilisation\\\/\",\"name\":\"Mentions l\u00e9gales & Conditions d\u2019utilisation - Sediver\",\"isPartOf\":{\"@id\":\"https:\\\/\\\/www.sediver.com\\\/fr\\\/#website\"},\"datePublished\":\"2019-06-28T14:13:49+00:00\",\"dateModified\":\"2025-11-19T15:03:02+00:00\",\"breadcrumb\":{\"@id\":\"https:\\\/\\\/www.sediver.com\\\/fr\\\/mentions-legales-conditions-dutilisation\\\/#breadcrumb\"},\"inLanguage\":\"fr-FR\",\"potentialAction\":[{\"@type\":\"ReadAction\",\"target\":[\"https:\\\/\\\/www.sediver.com\\\/fr\\\/mentions-legales-conditions-dutilisation\\\/\"]}]},{\"@type\":\"BreadcrumbList\",\"@id\":\"https:\\\/\\\/www.sediver.com\\\/fr\\\/mentions-legales-conditions-dutilisation\\\/#breadcrumb\",\"itemListElement\":[{\"@type\":\"ListItem\",\"position\":1,\"name\":\"Accueil\",\"item\":\"https:\\\/\\\/www.sediver.com\\\/fr\\\/\"},{\"@type\":\"ListItem\",\"position\":2,\"name\":\"Mentions l\u00e9gales &#038; Conditions d\u2019utilisation\"}]},{\"@type\":\"WebSite\",\"@id\":\"https:\\\/\\\/www.sediver.com\\\/fr\\\/#website\",\"url\":\"https:\\\/\\\/www.sediver.com\\\/fr\\\/\",\"name\":\"Sediver\",\"description\":\"\",\"potentialAction\":[{\"@type\":\"SearchAction\",\"target\":{\"@type\":\"EntryPoint\",\"urlTemplate\":\"https:\\\/\\\/www.sediver.com\\\/fr\\\/?s={search_term_string}\"},\"query-input\":{\"@type\":\"PropertyValueSpecification\",\"valueRequired\":true,\"valueName\":\"search_term_string\"}}],\"inLanguage\":\"fr-FR\"}]}<\/script>\n<!-- \/ Yoast SEO plugin. -->","yoast_head_json":{"title":"Mentions l\u00e9gales & Conditions d\u2019utilisation - Sediver","robots":{"index":"index","follow":"follow","max-snippet":"max-snippet:-1","max-image-preview":"max-image-preview:large","max-video-preview":"max-video-preview:-1"},"canonical":"https:\/\/www.sediver.com\/fr\/mentions-legales-conditions-dutilisation\/","og_locale":"fr_FR","og_type":"article","og_title":"Mentions l\u00e9gales & Conditions d\u2019utilisation - Sediver","og_description":"Mentions l\u00e9gales Conform\u00e9ment \u00e0 l&rsquo;article 6 de la loi n \u00b0 2004-575 du 21 juin 2004 pour la confiance dans l&rsquo;\u00e9conomie num\u00e9rique, les identit\u00e9s des diff\u00e9rentes entit\u00e9s impliqu\u00e9es dans la r\u00e9alisation et la maintenance de notre site sont: Conditions d\u2019utilisation L\u2019acc\u00e8s \u00e0 ce site et son utilisation sont soumis aux conditions suivantes, et \u00e0 l\u2019ensemble [&hellip;]","og_url":"https:\/\/www.sediver.com\/fr\/mentions-legales-conditions-dutilisation\/","og_site_name":"Sediver","article_modified_time":"2025-11-19T15:03:02+00:00","twitter_card":"summary_large_image","twitter_misc":{"Dur\u00e9e de lecture estim\u00e9e":"5 minutes"},"schema":{"@context":"https:\/\/schema.org","@graph":[{"@type":"WebPage","@id":"https:\/\/www.sediver.com\/fr\/mentions-legales-conditions-dutilisation\/","url":"https:\/\/www.sediver.com\/fr\/mentions-legales-conditions-dutilisation\/","name":"Mentions l\u00e9gales & Conditions d\u2019utilisation - Sediver","isPartOf":{"@id":"https:\/\/www.sediver.com\/fr\/#website"},"datePublished":"2019-06-28T14:13:49+00:00","dateModified":"2025-11-19T15:03:02+00:00","breadcrumb":{"@id":"https:\/\/www.sediver.com\/fr\/mentions-legales-conditions-dutilisation\/#breadcrumb"},"inLanguage":"fr-FR","potentialAction":[{"@type":"ReadAction","target":["https:\/\/www.sediver.com\/fr\/mentions-legales-conditions-dutilisation\/"]}]},{"@type":"BreadcrumbList","@id":"https:\/\/www.sediver.com\/fr\/mentions-legales-conditions-dutilisation\/#breadcrumb","itemListElement":[{"@type":"ListItem","position":1,"name":"Accueil","item":"https:\/\/www.sediver.com\/fr\/"},{"@type":"ListItem","position":2,"name":"Mentions l\u00e9gales &#038; Conditions d\u2019utilisation"}]},{"@type":"WebSite","@id":"https:\/\/www.sediver.com\/fr\/#website","url":"https:\/\/www.sediver.com\/fr\/","name":"Sediver","description":"","potentialAction":[{"@type":"SearchAction","target":{"@type":"EntryPoint","urlTemplate":"https:\/\/www.sediver.com\/fr\/?s={search_term_string}"},"query-input":{"@type":"PropertyValueSpecification","valueRequired":true,"valueName":"search_term_string"}}],"inLanguage":"fr-FR"}]}},"_links":{"self":[{"href":"https:\/\/www.sediver.com\/fr\/wp-json\/wp\/v2\/pages\/1473","targetHints":{"allow":["GET"]}}],"collection":[{"href":"https:\/\/www.sediver.com\/fr\/wp-json\/wp\/v2\/pages"}],"about":[{"href":"https:\/\/www.sediver.com\/fr\/wp-json\/wp\/v2\/types\/page"}],"author":[{"embeddable":true,"href":"https:\/\/www.sediver.com\/fr\/wp-json\/wp\/v2\/users\/1"}],"replies":[{"embeddable":true,"href":"https:\/\/www.sediver.com\/fr\/wp-json\/wp\/v2\/comments?post=1473"}],"version-history":[{"count":7,"href":"https:\/\/www.sediver.com\/fr\/wp-json\/wp\/v2\/pages\/1473\/revisions"}],"predecessor-version":[{"id":13895,"href":"https:\/\/www.sediver.com\/fr\/wp-json\/wp\/v2\/pages\/1473\/revisions\/13895"}],"wp:attachment":[{"href":"https:\/\/www.sediver.com\/fr\/wp-json\/wp\/v2\/media?parent=1473"}],"curies":[{"name":"wp","href":"https:\/\/api.w.org\/{rel}","templated":true}]}}