{"id":1557,"date":"2019-05-27T11:54:06","date_gmt":"2019-05-27T11:54:06","guid":{"rendered":"https:\/\/www.sediver.com\/privacy-policy\/"},"modified":"2025-11-19T15:43:58","modified_gmt":"2025-11-19T15:43:58","slug":"politique-confidentialite","status":"publish","type":"page","link":"https:\/\/www.sediver.com\/fr\/politique-confidentialite\/","title":{"rendered":"Politique de confidentialit\u00e9"},"content":{"rendered":"<p><!--StartFragment--><\/p>\n\n\n<p>Cette politique de confidentialit\u00e9 d\u00e9crit les activit\u00e9s de traitement de donn\u00e9es effectu\u00e9es par SEDIVER SAS (ci-apr\u00e8s \u00abSEDIVER\u00bb ou \u00abnous\u00bb) lors de votre navigation sur le site Sediver.com (ci-apr\u00e8s le \u00abSite\u00bb).<\/p>\n\n\n\n<p>SEDIVER se conforme \u00e0 la politique de confidentialit\u00e9 europ\u00e9enne du groupe. Par cons\u00e9quent, les informations fournies dans cet avis compl\u00e8tent celles contenues dans la politique de confidentialit\u00e9 europ\u00e9enne du groupe. Nous vous invitons \u00e0 vous r\u00e9f\u00e9rer \u00e0 cette politique de confidentialit\u00e9 du groupe pour obtenir des informations g\u00e9n\u00e9rales sur la mani\u00e8re dont nous traitons vos donn\u00e9es personnelles au sein du Groupe.<\/p>\n\n\n\n<p>Nous vous rappelons que vous disposez d&rsquo;un droit d&rsquo;acc\u00e8s, de rectification, d&rsquo;effacement et de limitation en ce qui concerne le traitement de vos donn\u00e9es personnelles ainsi que le droit de d\u00e9finir des lignes directrices concernant ce qu&rsquo;il advient de vos donn\u00e9es apr\u00e8s votre d\u00e9c\u00e8s dans la mesure applicable en vertu de la l\u00e9gislation locale, et le droit de portabilit\u00e9 de vos donn\u00e9es personnelles. Vous avez \u00e9galement le droit de d\u00e9poser une r\u00e9clamation aupr\u00e8s de l&rsquo;autorit\u00e9 de contr\u00f4le comp\u00e9tente. Veuillez consulter notre politique de confidentialit\u00e9 du groupe pour en savoir plus sur la fa\u00e7on d&rsquo;exercer vos droits l\u00e9gaux.<\/p>\n\n\n\n<h2 class=\"wp-block-heading\"><strong>Formulaire de contact<\/strong><\/h2>\n\n\n\n<p>Lorsque vous choisissez de nous contacter via notre formulaire de contact, nous traitons les informations que vous remplissez dans le formulaire dans le but de traiter votre demande et d\u2019y r\u00e9pondre (pr\u00e9nom, nom, adresse e-mail, pays, fonction et soci\u00e9t\u00e9 et contenu de la demande). La base juridique de cette activit\u00e9 de traitement est votre consentement.<\/p>\n\n\n\n<p>Vos donn\u00e9es personnelles seront partag\u00e9es avec notre \u00e9quipe marketing et, en fonction de l&rsquo;objet de votre demande, le service concern\u00e9 au sein de notre entreprise. Vos donn\u00e9es pourront \u00e9galement \u00eatre communiqu\u00e9es \u00e0 d&rsquo;autres soci\u00e9t\u00e9s de notre groupe, c&rsquo;est-\u00e0-dire \u00e0 toute soci\u00e9t\u00e9 contr\u00f4l\u00e9e directement ou indirectement par Sky HoldCo SpA (ci-apr\u00e8s \u00ab notre Groupe \u00bb), et \u00e0 nos partenaires commerciaux, notamment nos agents, dans le monde entier, si elle est n\u00e9cessaire pour r\u00e9pondre \u00e0 votre demande. Ils seront \u00e9galement partag\u00e9s avec les fournisseurs tiers impliqu\u00e9s dans la gestion et le support informatique de notre site Web. Vos donn\u00e9es seront conserv\u00e9es jusqu&rsquo;\u00e0 ce que vous retiriez votre consentement ou, en tout \u00e9tat de cause, pas plus de trois ans apr\u00e8s que vous nous ayez contact\u00e9s. En fonction de l&rsquo;objectif de votre demande, nous pouvons traiter vos donn\u00e9es personnelles \u00e0 cette fin sur une autre base l\u00e9gale et conserver vos donn\u00e9es si n\u00e9cessaire pour atteindre cet objectif. Si tel est le cas, vous recevrez cependant des informations appropri\u00e9es.<\/p>\n\n\n\n<h2 class=\"wp-block-heading\"><strong>Formulaire de t\u00e9l\u00e9chargement du livre blanc<\/strong><\/h2>\n\n\n\n<p>Nous pouvons traiter vos donn\u00e9es personnelles (pr\u00e9nom, nom, adresse e-mail, pays, fonction et entreprise) dans le but de permettre le t\u00e9l\u00e9chargement de nos documents de livre blanc et, \u00e0 moins que vous ne vous opposiez au marketing direct, pour vous envoyer des informations sur notre soci\u00e9t\u00e9 et nos produits. La base juridique de ces activit\u00e9s de traitement est notre int\u00e9r\u00eat l\u00e9gitime \u00e0 savoir qui acc\u00e8de et t\u00e9l\u00e9charge nos ressources et \u00e0 leur envoyer des communications de marketing direct. Vos donn\u00e9es personnelles seront partag\u00e9es avec nos \u00e9quipes marketing et commerciales, les prestataires tiers impliqu\u00e9s dans la gestion et le support informatique de notre site Internet, d&rsquo;autres soci\u00e9t\u00e9s de notre Groupe et nos agents. Vos donn\u00e9es seront conserv\u00e9es jusqu&rsquo;\u00e0 ce que vous retiriez votre consentement ou, en tout \u00e9tat de cause, pas plus de trois ans apr\u00e8s que vous nous ayez contact\u00e9s.<\/p>\n\n\n\n<h2 class=\"wp-block-heading\"><strong>Cookies et trackers<\/strong><\/h2>\n\n\n\n<p>Les cookies et trackers sont des fichiers ou des informations qui peuvent \u00eatre stock\u00e9s sur votre appareil lors de la navigation sur un site Web.<\/p>\n\n\n\n<p>Nous utilisons, avec nos partenaires, des cookies lors de votre navigation sur Sediver.com. Une liste de tous les partenaires pouvant d\u00e9poser des cookies sur votre appareil lors de la navigation sur notre site Web est reproduite ci-dessous.<\/p>\n\n\n\n<p>Certains cookies ont une finalit\u00e9 purement technique et sont n\u00e9cessaires au bon fonctionnement de notre site internet : il s&rsquo;agit de cookies techniques qui permettent la personnalisation de l&rsquo;interface utilisateur (notamment la langue) et des cookies qui enregistrent votre choix de consentir ou non \u00e0 l&rsquo;utilisation de cookies non fonctionnels. Vous ne pouvez pas d\u00e9sactiver ces cookies.<\/p>\n\n\n\n<p>Les cookies pour la mesure d&rsquo;audience et de performance nous permettent de suivre vos interactions avec notre site Web et de stocker des informations, telles que votre adresse IP, l&rsquo;heure \u00e0 laquelle vous avez visit\u00e9, si vous avez d\u00e9j\u00e0 visit\u00e9 et quel site Web vous a r\u00e9f\u00e9r\u00e9 \u00e0 notre site Web, ainsi que vers \u00e9valuer (de mani\u00e8re anonyme et globale) des statistiques sur l&rsquo;activit\u00e9 du site Web. Nous utilisons ces informations pour mesurer l&rsquo;efficacit\u00e9 de notre site Web et pour am\u00e9liorer la qualit\u00e9 de nos services.<\/p>\n\n\n\n<p>Une fois que vous avez acc\u00e9d\u00e9 \u00e0 notre site Web pour la premi\u00e8re fois, nous vous demanderons si vous consentez ou non \u00e0 l&rsquo;utilisation de cookies lors de votre navigation sur notre site Web. Si vous refusez, nous ne d\u00e9poserons aucun cookie \u00e0 l&rsquo;exception de ceux qui sont indispensables au fonctionnement de notre site Internet.<\/p>\n\n\n\n<p>Votre choix (c&rsquo;est-\u00e0-dire si vous consentez ou refusez au d\u00e9p\u00f4t de cookies) sera conserv\u00e9 pendant une p\u00e9riode de 6 mois. Vous pouvez retirer votre consentement ou modifier vos pr\u00e9f\u00e9rences \u00e0 tout moment en cliquant sur la section \u00ab\u00a0Cookies\u00a0\u00bb en pied de site.<\/p>\n\n\n\n<h3 class=\"wp-block-heading\">Cookies essentiels<\/h3>\n\n\n\n<p><strong>Cookie wt_consent<\/strong><\/p>\n\n\n\n<ul class=\"wp-block-list\">\n<li>Partie d\u00e9posant le cookie : WordPress<\/li>\n\n\n\n<li>Dur\u00e9e : 1 an<\/li>\n\n\n\n<li>Description : utilis\u00e9 pour m\u00e9moriser les pr\u00e9f\u00e9rences de consentement des utilisateurs afin qu&rsquo;elles soient respect\u00e9es lors de leurs prochaines visites sur le site. Il ne collecte ni ne stocke d&rsquo;informations personnelles sur les visiteurs du site.<\/li>\n\n\n\n<li>Lien vers la politique de confidentialit\u00e9 : <a href=\"https:\/\/fr.wordpress.org\/about\/privacy\/cookies\/\">lien vers la politique de confidentialit\u00e9 de WordPress<\/a><\/li>\n<\/ul>\n\n\n\n<p><strong>Cookie _GRECAPTCHA<\/strong><\/p>\n\n\n\n<ul class=\"wp-block-list\">\n<li>Partie d\u00e9posant le cookie : Google<\/li>\n\n\n\n<li>Dur\u00e9e : 6 mois<\/li>\n\n\n\n<li>Description : le service Google Recaptcha d\u00e9finit ce cookie pour identifier les robots afin de prot\u00e9ger le site web contre les attaques malveillantes de spam.<\/li>\n\n\n\n<li>Lien vers la politique de confidentialit\u00e9 : <a href=\"https:\/\/policies.google.com\/privacy\">Politique de confidentialit\u00e9 de Google<\/a><\/li>\n<\/ul>\n\n\n\n<p><strong>Cookie rc::a<\/strong><\/p>\n\n\n\n<ul class=\"wp-block-list\">\n<li>Partie d\u00e9posant le cookie : Google<\/li>\n\n\n\n<li>Dur\u00e9e : jamais<\/li>\n\n\n\n<li>Description : ce cookie est d\u00e9fini par le service Google recaptcha afin d&rsquo;identifier les robots et de prot\u00e9ger le site web contre les attaques malveillantes de spam.<\/li>\n\n\n\n<li>Lien vers la politique de confidentialit\u00e9 : <a href=\"https:\/\/policies.google.com\/privacy\">Politique de confidentialit\u00e9 de Google<\/a><\/li>\n<\/ul>\n\n\n\n<p><strong>Cookie rc::f<\/strong><\/p>\n\n\n\n<ul class=\"wp-block-list\">\n<li>Partie d\u00e9posant le cookie : Google<\/li>\n\n\n\n<li>Dur\u00e9e : jamais<\/li>\n\n\n\n<li>Description : Ce cookie est d\u00e9fini par le service Google recaptcha afin d&rsquo;identifier les robots et de prot\u00e9ger le site web contre les attaques malveillantes de spam.<\/li>\n\n\n\n<li>Lien vers la politique de confidentialit\u00e9 : <a href=\"https:\/\/policies.google.com\/privacy\">Politique de confidentialit\u00e9 de Google<\/a><\/li>\n<\/ul>\n\n\n\n<p><strong>Cookie rc::b<\/strong><\/p>\n\n\n\n<ul class=\"wp-block-list\">\n<li>Partie d\u00e9posant le cookie : Google<\/li>\n\n\n\n<li>Dur\u00e9e : session<\/li>\n\n\n\n<li>Description : ce cookie est d\u00e9fini par le service Google recaptcha afin d&rsquo;identifier les robots et de prot\u00e9ger le site web contre les attaques malveillantes de spam.<\/li>\n\n\n\n<li>Lien vers la politique de confidentialit\u00e9 : <a href=\"https:\/\/policies.google.com\/privacy\">Politique de confidentialit\u00e9 de Google<\/a><\/li>\n<\/ul>\n\n\n\n<p><strong>Cookie rc::c<\/strong><\/p>\n\n\n\n<ul class=\"wp-block-list\">\n<li>Partie d\u00e9posant le cookie : Google<\/li>\n\n\n\n<li>Dur\u00e9e : session<\/li>\n\n\n\n<li>Description : ce cookie est d\u00e9fini par le service Google recaptcha afin d&rsquo;identifier les robots et de prot\u00e9ger le site web contre les attaques malveillantes de spam.<\/li>\n\n\n\n<li>Lien vers la politique de confidentialit\u00e9 : <a href=\"https:\/\/policies.google.com\/privacy\">Politique de confidentialit\u00e9 de Google<\/a><\/li>\n<\/ul>\n\n\n\n<h3 class=\"wp-block-heading\">Cookies fonctionnels<\/h3>\n\n\n\n<p><strong>Cookie wp-wpml_current_language<\/strong><\/p>\n\n\n\n<ul class=\"wp-block-list\">\n<li>Partie d\u00e9posant le cookie : WordPress<\/li>\n\n\n\n<li>Dur\u00e9e : session<\/li>\n\n\n\n<li>Description : le plugin multilingue WordPress installe ce cookie pour enregistrer la langue\/les param\u00e8tres linguistiques actuels.<\/li>\n\n\n\n<li>Lien vers la politique de confidentialit\u00e9 : <a href=\"https:\/\/fr.wordpress.org\/about\/privacy\/cookies\/\">lien vers la politique de confidentialit\u00e9 de WordPress<\/a><\/li>\n<\/ul>\n\n\n\n<h3 class=\"wp-block-heading\">Cookies de mesure d&rsquo;audience et de performance<\/h3>\n\n\n\n<p><strong>Cookie _gid<\/strong><\/p>\n\n\n\n<ul class=\"wp-block-list\">\n<li>Partie d\u00e9posant le cookie : Google<\/li>\n\n\n\n<li>Dur\u00e9e : 1 jour<\/li>\n\n\n\n<li>Description : Google Analytics installe ce cookie pour enregistrer des informations sur la mani\u00e8re dont les visiteurs utilisent un site web tout en cr\u00e9ant un rapport analytique sur les performances du site web. Certaines des donn\u00e9es collect\u00e9es comprennent le nombre de visiteurs, leur source et les pages qu&rsquo;ils visitent de mani\u00e8re anonyme.<\/li>\n\n\n\n<li>Lien vers la politique de confidentialit\u00e9 : <a href=\"https:\/\/policies.google.com\/privacy\">Politique de confidentialit\u00e9 de Google<\/a><\/li>\n<\/ul>\n\n\n\n<p><strong>Cookie _gat_UA-*<\/strong><\/p>\n\n\n\n<ul class=\"wp-block-list\">\n<li>Partie d\u00e9posant le cookie : Google<\/li>\n\n\n\n<li>Dur\u00e9e : 1 minute<\/li>\n\n\n\n<li>Description : Google Analytics d\u00e9finit ce cookie pour suivre le comportement des utilisateurs.<\/li>\n\n\n\n<li>Lien vers la politique de confidentialit\u00e9 : <a href=\"https:\/\/policies.google.com\/privacy\">Politique de confidentialit\u00e9 de Google<\/a><\/li>\n<\/ul>\n\n\n\n<p>Cookie _ga<\/p>\n\n\n\n<ul class=\"wp-block-list\">\n<li>Partie d\u00e9posant le cookie : Google<\/li>\n\n\n\n<li>Dur\u00e9e : 1 an, 1 mois et 4 jours<\/li>\n\n\n\n<li>Description : Google Analytics d\u00e9finit ce cookie pour calculer les donn\u00e9es relatives aux visiteurs, aux sessions et aux campagnes, et suivre l&rsquo;utilisation du site pour le rapport analytique du site. Le cookie stocke des informations de mani\u00e8re anonyme et attribue un num\u00e9ro g\u00e9n\u00e9r\u00e9 al\u00e9atoirement pour reconna\u00eetre les visiteurs uniques.<\/li>\n\n\n\n<li>Lien vers la politique de confidentialit\u00e9 : <a href=\"https:\/\/policies.google.com\/privacy\">Politique de confidentialit\u00e9 de Google<\/a><\/li>\n<\/ul>\n\n\n\n<p><strong>Cookie _ga_*<\/strong><\/p>\n\n\n\n<ul class=\"wp-block-list\">\n<li>Partie d\u00e9posant le cookie : Google<\/li>\n\n\n\n<li>Dur\u00e9e : 1 an, 1 mois et 4 jours<\/li>\n\n\n\n<li>Description : Google Analytics d\u00e9finit ce cookie pour stocker et compter les pages vues.<\/li>\n\n\n\n<li>Lien vers la politique de confidentialit\u00e9 : <a href=\"https:\/\/policies.google.com\/privacy\">Politique de confidentialit\u00e9 de Google<\/a><\/li>\n<\/ul>\n\n\n\n<h3 class=\"wp-block-heading\">Liste des tiers qui peuvent d\u00e9poser des cookies sur notre site Web<\/h3>\n\n\n\n<p>Google Analytics: <a href=\"https:\/\/policies.google.com\/privacy\">Google Privacy Policy<\/a><\/p>\n\n\n\n<p>WordPress: <a href=\"https:\/\/fr.wordpress.org\/about\/privacy\/cookies\/\">WordPress Privacy policy<\/a><\/p>\n\n\n\n<h2 class=\"wp-block-heading\"><strong>Signaux \u00ab\u00a0Do Not Track\u00a0\u00bb<\/strong><\/h2>\n\n\n\n<p>Les param\u00e8tres de votre navigateur peuvent vous permettre de transmettre un signal \u00ab\u00a0do not track\u00a0\u00bb, un signal \u00ab\u00a0opt-out preference\u00a0\u00bb ou tout autre m\u00e9canisme vous permettant d&rsquo;exercer votre choix en ce qui concerne la collecte de vos informations lorsque vous visitez diff\u00e9rents sites web. Comme de nombreux sites web, le n\u00f4tre n&rsquo;est pas con\u00e7u pour r\u00e9pondre \u00e0 de tels signaux, et nous n&rsquo;utilisons ni ne divulguons vos informations d&rsquo;une mani\u00e8re qui nous obligerait l\u00e9galement \u00e0 reconna\u00eetre les signaux de pr\u00e9f\u00e9rence de non-participation.<\/p>\n\n\n\n<h2 class=\"wp-block-heading\"><strong>S\u00e9minaire web LinkedIn<\/strong><\/h2>\n\n\n\n<p>Si vous ne souhaitez pas recevoir de communications marketing de la part de SEDIVER apr\u00e8s avoir particip\u00e9 \u00e0 notre webinaire, veuillez d\u00e9cocher la case dans le formulaire LinkedIn.<\/p>\n\n\n\n<p>Les informations collect\u00e9es via ce formulaire sont trait\u00e9es par SEDIVER, soci\u00e9t\u00e9 par actions simplifi\u00e9e, inscrite au registre du commerce et des soci\u00e9t\u00e9s de Nanterre sous le num\u00e9ro 542035761 et dont le si\u00e8ge social est situ\u00e9 9\/11 all\u00e9e de l&rsquo;Arche 92400 Courbevoie aux fins de votre inscription \u00e0 nos webinaires et pour vous envoyer des informations sur les soci\u00e9t\u00e9s et les produits de notre groupe. La base juridique de ces activit\u00e9s de traitement est notre int\u00e9r\u00eat l\u00e9gitime \u00e0 acc\u00e9der \u00e0 nos webinaires et \u00e0 notre documentation.<\/p>\n\n\n\n<p>Vos donn\u00e9es personnelles seront partag\u00e9es avec nos \u00e9quipes techniques, marketing et commerciales. Elles seront \u00e9galement partag\u00e9es avec nos \u00e9quipes informatiques et des prestataires tiers impliqu\u00e9s dans le support informatique de notre activit\u00e9.<\/p>\n\n\n\n<p>Vos donn\u00e9es personnelles peuvent \u00eatre transf\u00e9r\u00e9es \u00e0 des destinataires situ\u00e9s en dehors de l&rsquo;Union europ\u00e9enne. Sauf si vos donn\u00e9es sont transf\u00e9r\u00e9es vers un pays ou une organisation pour lesquels la Commission europ\u00e9enne a \u00e9mis une d\u00e9cision d&rsquo;ad\u00e9quation, nous mettrons en \u0153uvre l&rsquo;une des garanties appropri\u00e9es mentionn\u00e9es \u00e0 l&rsquo;article 46 GDPR pour tout transfert de vos informations personnelles en dehors de l&rsquo;Union europ\u00e9enne. Pour toute demande concernant le transfert de vos informations personnelles en dehors de l&rsquo;Union europ\u00e9enne, vous pouvez nous contacter \u00e0 l&rsquo;adresse indiqu\u00e9e dans la section contact ci-dessous.<\/p>\n\n\n\n<p>Les champs marqu\u00e9s d&rsquo;un ast\u00e9risque (*) sont obligatoires. Si vous ne fournissez pas ces informations obligatoires, vous ne pourrez pas acc\u00e9der \u00e0 notre webinaire.<\/p>\n\n\n\n<p>Vous disposez d&rsquo;un droit d&rsquo;acc\u00e8s, de rectification, d&rsquo;effacement et de limitation concernant le traitement de vos donn\u00e9es \u00e0 caract\u00e8re personnel ainsi que du droit de d\u00e9finir des directives relatives au sort de vos donn\u00e9es apr\u00e8s votre d\u00e9c\u00e8s et du droit \u00e0 la portabilit\u00e9 de vos donn\u00e9es \u00e0 caract\u00e8re personnel, dans la mesure o\u00f9 cela est applicable en vertu de la l\u00e9gislation locale. Vous pouvez \u00e9galement retirer votre consentement \u00e0 tout moment sans que cela n&rsquo;affecte la lic\u00e9it\u00e9 du traitement fond\u00e9 sur votre consentement avant son retrait. Vos donn\u00e9es seront conserv\u00e9es jusqu&rsquo;\u00e0 ce que vous retiriez votre consentement ou, en tout \u00e9tat de cause, pas plus longtemps que le d\u00e9lai de prescription applicable \u00e0 toute action d\u00e9coulant de votre contrat avec nous.<\/p>\n\n\n\n<p>Veuillez noter que vous pouvez exercer l&rsquo;un des droits susmentionn\u00e9s en adressant votre demande aux adresses de contact ci-dessous.<\/p>\n\n\n\n<p>Contact : dataprivacy@sediver.com<\/p>\n\n\n\n<p>Les plaintes peuvent \u00eatre d\u00e9pos\u00e9es aupr\u00e8s de l&rsquo;autorit\u00e9 de contr\u00f4le comp\u00e9tente, en France, la CNIL : www.cnil.fr.<\/p>\n\n\n\n<h2 class=\"wp-block-heading\"><strong>Avis de mise \u00e0 jour<\/strong><\/h2>\n\n\n\n<p>Nous pouvons modifier la pr\u00e9sente politique de confidentialit\u00e9 de temps \u00e0 autre, auquel cas nous mettrons \u00e0 jour la date de \u00ab\u00a0derni\u00e8re mise \u00e0 jour\u00a0\u00bb figurant en haut de la pr\u00e9sente politique de confidentialit\u00e9. Si nous apportons des modifications importantes \u00e0 la mani\u00e8re dont nous utilisons ou divulguons les informations que nous recueillons, nous ferons des efforts raisonnables pour vous en informer (par exemple en vous envoyant un courrier \u00e9lectronique \u00e0 la derni\u00e8re adresse que vous nous avez fournie, en publiant un avis de ces modifications sur le site web ou par d&rsquo;autres moyens conformes \u00e0 la l\u00e9gislation applicable) et nous prendrons des mesures suppl\u00e9mentaires si la l\u00e9gislation applicable l&rsquo;exige. Si vous n&rsquo;acceptez pas les mises \u00e0 jour de la pr\u00e9sente politique de confidentialit\u00e9, veuillez ne pas continuer \u00e0 utiliser le site web ou \u00e0 y acc\u00e9der.<\/p>\n","protected":false},"excerpt":{"rendered":"<p>Cette politique de confidentialit\u00e9 d\u00e9crit les activit\u00e9s de traitement de donn\u00e9es effectu\u00e9es par SEDIVER SAS (ci-apr\u00e8s \u00abSEDIVER\u00bb ou \u00abnous\u00bb) lors de votre navigation sur le site Sediver.com (ci-apr\u00e8s le \u00abSite\u00bb). SEDIVER se conforme \u00e0 la politique de confidentialit\u00e9 europ\u00e9enne du groupe. Par cons\u00e9quent, les informations fournies dans cet avis compl\u00e8tent celles contenues dans la politique [&hellip;]<\/p>\n","protected":false},"author":1,"featured_media":0,"parent":0,"menu_order":0,"comment_status":"closed","ping_status":"open","template":"templates\/single.php","meta":{"_acf_changed":false,"footnotes":""},"class_list":["post-1557","page","type-page","status-publish","hentry"],"acf":[],"yoast_head":"<!-- This site is optimized with the Yoast SEO plugin v27.4 - https:\/\/yoast.com\/product\/yoast-seo-wordpress\/ -->\n<title>Consultez nos mentions l\u00e9gales - Sediver<\/title>\n<meta name=\"description\" content=\"Parcourez nos mentions l\u00e9gales Sediver. Leader mondial de l&#039;isolation des lignes \u00e0 haute tension et des lignes ferroviaires\" \/>\n<meta name=\"robots\" content=\"index, follow, max-snippet:-1, max-image-preview:large, max-video-preview:-1\" \/>\n<link rel=\"canonical\" href=\"https:\/\/www.sediver.com\/fr\/politique-confidentialite\/\" \/>\n<meta property=\"og:locale\" content=\"fr_FR\" \/>\n<meta property=\"og:type\" content=\"article\" \/>\n<meta property=\"og:title\" content=\"Consultez nos mentions l\u00e9gales - Sediver\" \/>\n<meta property=\"og:description\" content=\"Parcourez nos mentions l\u00e9gales Sediver. Leader mondial de l&#039;isolation des lignes \u00e0 haute tension et des lignes ferroviaires\" \/>\n<meta property=\"og:url\" content=\"https:\/\/www.sediver.com\/fr\/politique-confidentialite\/\" \/>\n<meta property=\"og:site_name\" content=\"Sediver\" \/>\n<meta property=\"article:modified_time\" content=\"2025-11-19T15:43:58+00:00\" \/>\n<meta name=\"twitter:card\" content=\"summary_large_image\" \/>\n<meta name=\"twitter:label1\" content=\"Dur\u00e9e de lecture estim\u00e9e\" \/>\n\t<meta name=\"twitter:data1\" content=\"11 minutes\" \/>\n<script type=\"application\/ld+json\" class=\"yoast-schema-graph\">{\"@context\":\"https:\\\/\\\/schema.org\",\"@graph\":[{\"@type\":\"WebPage\",\"@id\":\"https:\\\/\\\/www.sediver.com\\\/fr\\\/politique-confidentialite\\\/\",\"url\":\"https:\\\/\\\/www.sediver.com\\\/fr\\\/politique-confidentialite\\\/\",\"name\":\"Consultez nos mentions l\u00e9gales - Sediver\",\"isPartOf\":{\"@id\":\"https:\\\/\\\/www.sediver.com\\\/fr\\\/#website\"},\"datePublished\":\"2019-05-27T11:54:06+00:00\",\"dateModified\":\"2025-11-19T15:43:58+00:00\",\"description\":\"Parcourez nos mentions l\u00e9gales Sediver. Leader mondial de l'isolation des lignes \u00e0 haute tension et des lignes ferroviaires\",\"breadcrumb\":{\"@id\":\"https:\\\/\\\/www.sediver.com\\\/fr\\\/politique-confidentialite\\\/#breadcrumb\"},\"inLanguage\":\"fr-FR\",\"potentialAction\":[{\"@type\":\"ReadAction\",\"target\":[\"https:\\\/\\\/www.sediver.com\\\/fr\\\/politique-confidentialite\\\/\"]}]},{\"@type\":\"BreadcrumbList\",\"@id\":\"https:\\\/\\\/www.sediver.com\\\/fr\\\/politique-confidentialite\\\/#breadcrumb\",\"itemListElement\":[{\"@type\":\"ListItem\",\"position\":1,\"name\":\"Accueil\",\"item\":\"https:\\\/\\\/www.sediver.com\\\/fr\\\/\"},{\"@type\":\"ListItem\",\"position\":2,\"name\":\"Politique de confidentialit\u00e9\"}]},{\"@type\":\"WebSite\",\"@id\":\"https:\\\/\\\/www.sediver.com\\\/fr\\\/#website\",\"url\":\"https:\\\/\\\/www.sediver.com\\\/fr\\\/\",\"name\":\"Sediver\",\"description\":\"\",\"potentialAction\":[{\"@type\":\"SearchAction\",\"target\":{\"@type\":\"EntryPoint\",\"urlTemplate\":\"https:\\\/\\\/www.sediver.com\\\/fr\\\/?s={search_term_string}\"},\"query-input\":{\"@type\":\"PropertyValueSpecification\",\"valueRequired\":true,\"valueName\":\"search_term_string\"}}],\"inLanguage\":\"fr-FR\"}]}<\/script>\n<!-- \/ Yoast SEO plugin. -->","yoast_head_json":{"title":"Consultez nos mentions l\u00e9gales - Sediver","description":"Parcourez nos mentions l\u00e9gales Sediver. Leader mondial de l'isolation des lignes \u00e0 haute tension et des lignes ferroviaires","robots":{"index":"index","follow":"follow","max-snippet":"max-snippet:-1","max-image-preview":"max-image-preview:large","max-video-preview":"max-video-preview:-1"},"canonical":"https:\/\/www.sediver.com\/fr\/politique-confidentialite\/","og_locale":"fr_FR","og_type":"article","og_title":"Consultez nos mentions l\u00e9gales - Sediver","og_description":"Parcourez nos mentions l\u00e9gales Sediver. Leader mondial de l'isolation des lignes \u00e0 haute tension et des lignes ferroviaires","og_url":"https:\/\/www.sediver.com\/fr\/politique-confidentialite\/","og_site_name":"Sediver","article_modified_time":"2025-11-19T15:43:58+00:00","twitter_card":"summary_large_image","twitter_misc":{"Dur\u00e9e de lecture estim\u00e9e":"11 minutes"},"schema":{"@context":"https:\/\/schema.org","@graph":[{"@type":"WebPage","@id":"https:\/\/www.sediver.com\/fr\/politique-confidentialite\/","url":"https:\/\/www.sediver.com\/fr\/politique-confidentialite\/","name":"Consultez nos mentions l\u00e9gales - Sediver","isPartOf":{"@id":"https:\/\/www.sediver.com\/fr\/#website"},"datePublished":"2019-05-27T11:54:06+00:00","dateModified":"2025-11-19T15:43:58+00:00","description":"Parcourez nos mentions l\u00e9gales Sediver. Leader mondial de l'isolation des lignes \u00e0 haute tension et des lignes ferroviaires","breadcrumb":{"@id":"https:\/\/www.sediver.com\/fr\/politique-confidentialite\/#breadcrumb"},"inLanguage":"fr-FR","potentialAction":[{"@type":"ReadAction","target":["https:\/\/www.sediver.com\/fr\/politique-confidentialite\/"]}]},{"@type":"BreadcrumbList","@id":"https:\/\/www.sediver.com\/fr\/politique-confidentialite\/#breadcrumb","itemListElement":[{"@type":"ListItem","position":1,"name":"Accueil","item":"https:\/\/www.sediver.com\/fr\/"},{"@type":"ListItem","position":2,"name":"Politique de confidentialit\u00e9"}]},{"@type":"WebSite","@id":"https:\/\/www.sediver.com\/fr\/#website","url":"https:\/\/www.sediver.com\/fr\/","name":"Sediver","description":"","potentialAction":[{"@type":"SearchAction","target":{"@type":"EntryPoint","urlTemplate":"https:\/\/www.sediver.com\/fr\/?s={search_term_string}"},"query-input":{"@type":"PropertyValueSpecification","valueRequired":true,"valueName":"search_term_string"}}],"inLanguage":"fr-FR"}]}},"_links":{"self":[{"href":"https:\/\/www.sediver.com\/fr\/wp-json\/wp\/v2\/pages\/1557","targetHints":{"allow":["GET"]}}],"collection":[{"href":"https:\/\/www.sediver.com\/fr\/wp-json\/wp\/v2\/pages"}],"about":[{"href":"https:\/\/www.sediver.com\/fr\/wp-json\/wp\/v2\/types\/page"}],"author":[{"embeddable":true,"href":"https:\/\/www.sediver.com\/fr\/wp-json\/wp\/v2\/users\/1"}],"replies":[{"embeddable":true,"href":"https:\/\/www.sediver.com\/fr\/wp-json\/wp\/v2\/comments?post=1557"}],"version-history":[{"count":11,"href":"https:\/\/www.sediver.com\/fr\/wp-json\/wp\/v2\/pages\/1557\/revisions"}],"predecessor-version":[{"id":13904,"href":"https:\/\/www.sediver.com\/fr\/wp-json\/wp\/v2\/pages\/1557\/revisions\/13904"}],"wp:attachment":[{"href":"https:\/\/www.sediver.com\/fr\/wp-json\/wp\/v2\/media?parent=1557"}],"curies":[{"name":"wp","href":"https:\/\/api.w.org\/{rel}","templated":true}]}}